{"id":1269,"date":"2019-10-10T14:19:16","date_gmt":"2019-10-10T14:19:16","guid":{"rendered":"https:\/\/themes.getmotopress.com\/booklium-bed-and-breakfast\/?page_id=1269"},"modified":"2022-10-24T14:30:36","modified_gmt":"2022-10-24T14:30:36","slug":"terms-conditions","status":"publish","type":"page","link":"https:\/\/www.vintagecampers.net\/de\/terms-conditions\/","title":{"rendered":"Bedingungen und Konditionen"},"content":{"rendered":"<p><strong>Wer kann unsere Wohnmobile mieten?<\/strong><br><br>Alle Personen \u00fcber 25 Jahre, die seit mindestens f\u00fcnf Jahren einen F\u00fchrerschein der Klasse B besitzen.<\/p>\n\n\n\n<p><\/p>\n\n\n\n<p><strong>Sicherheitskaution<\/strong><br><strong>Wie hoch ist die Kaution?<\/strong><br>Die Kaution entspricht der Selbstbeteiligung der Versicherung und deckt die Haftung im Falle eines Unfalls, eines Diebstahls des Fahrzeugs, einer Besch\u00e4digung im Inneren des Wohnmobils oder einer Besch\u00e4digung der darin befindlichen Ausr\u00fcstung.<\/p>\n\n\n\n<p>*Den Wert der Kaution finden Sie auf der Detailseite von evety van.<\/p>\n\n\n\n<p><strong>Wie k\u00f6nnen Sie die Kaution hinterlegen?<\/strong><br>Die Kaution wird vorzugsweise per Kreditkarte durchgef\u00fchrt, kann aber auch Paypal, Bank\u00fcberweisung, oder Geld sein. Die Kaution wird beim Check-in des Wohnmobils gemacht.<\/p>\n\n\n\n<p><\/p>\n\n\n\n<p><strong>Planungsservice und Beratung f\u00fcr Ihren Urlaub mit Campervan<\/strong><br>Wir haben auch einen Beratungsservice bei der Planung Ihres Urlaubs v\u00f6llig kostenlos.<br>Wir beraten Sie \u00fcber Sehensw\u00fcrdigkeiten, Denkm\u00e4ler, Burgen, Schl\u00f6sser, Museen, Str\u00e4nde, Berge, Naturschutzgebiete, touristische Routen, wo Sie essen k\u00f6nnen, was Sie essen sollten, geben Ihnen Weinempfehlungen, wo Sie \u00fcbernachten k\u00f6nnen, usw.<\/p>\n\n\n\n<p><strong>Buchen<\/strong><br>Wir k\u00f6nnen Ihre Reservierung nur durch die Zahlung von 50% des Gesamtbetrags garantieren. Die verbleibenden 50% k\u00f6nnen in bar beim Check-in, per Bank\u00fcberweisung bis zu 5 Werktagen vor Beginn Ihrer Reise mit dem Wohnmobil bezahlt werden. Wir akzeptieren auch Zahlungen per Cr\u00e9dit Card, Debitkarte, Paypal, MoneyGram, Western Union, TransferWise und Transfer Go.<\/p>\n\n\n\n<p><strong>Zahlungsarten<\/strong><br>Als Zahlungsmittel f\u00fcr die Miete akzeptieren wir Bank\u00fcberweisung, MB, VISA oder Mastercard und PayPal, Debitkarte, Western Union, Money Gram, transferWise und Transfer Go. Die Reservierung wird nur dann erfolgreich sein, wenn wir den Betrag von 50% erhalten. Bei der Abholung ist die Vorlage einer Kreditkarte als Garantie f\u00fcr die Sicherheit der Karte erforderlich.<\/p>\n\n\n\n<p><strong>Zus\u00e4tzliche Geb\u00fchren<br><\/strong>Wir liefern die saubere Wohnmobil innen und au\u00dfen, mit dem sauberen Wassertank und voller Dieselkraftstoff und dem leeren Abwassertank. Bei der R\u00fcckgabe des Wohnmobils als die empfangenen werden nicht zus\u00e4tzliche Geb\u00fchren (Reinigung - 30 \u20ac , WC nicht leer oder unsauber) berechnet werden. <\/p>\n\n\n\n<p>Check-in \/ Check-out an Sonntagen oder au\u00dferhalb unserer \u00d6ffnungszeiten (9:00 bis 18:00 Uhr) hat eine zus\u00e4tzliche Geb\u00fchr von \u20ac 30,00. Zahlungen \u00fcber Paypal haben zus\u00e4tzliche Geb\u00fchr = 3,55% (innerhalb der EU), 3,99% (USA), 4,55% (europ\u00e4ische Staaten, aber au\u00dferhalb der EU), 4,99% (au\u00dferhalb Europas).<br>Bei Zahlungen mit Kreditkarte und internationaler Debitkarte wird ein Aufschlag von 1,95% berechnet.<br>F\u00fcr die Einzahlung mit Debitkarte oder in bar wird eine Verwaltungsgeb\u00fchr von 40,00 \u20ac erhoben.<\/p>\n\n\n\n<p>Die \u00dcbertragung des Wohnmobils auf den Autobahnen mit der Mautstra\u00dfe oder auf den Portalen ist die alleinige Verantwortung des Eigent\u00fcmers der Vermietung, und der geschuldete Betrag wird nach dem Check-out = \u20ac 5,00 + Wert in der Schuld + 1,95% berechnet.<\/p>\n\n\n\n<p><strong>Annullierungspolitik<\/strong><br>Bis zu 1 Monat vor Beginn der Reise mit dem Camper ist berechtigt, die Erstattung des Gesamtbetrags der Miete.<br>Zwischen 1 Monat und 15 Tage vor Beginn der Reise ist berechtigt, die Erstattung von 50% der gesamten Miete. Weniger als 15 Tage vor Beginn der Reise verlieren den vollen Wert des aluguer.<br>Im Falle einer Panne oder eines Unfalls eines Teils des Wohnmobils, der nicht auf seine Nutzung zur\u00fcckzuf\u00fchren ist, wird eine Geb\u00fchr zum Reparaturwert hinzuaddiert, die durch eine Proforma-Rechnung des Mechanikers festgelegt wird; dieser Betrag wird innerhalb von 10 Werktagen vom Sicherungswert abgezogen.<br>Unsere Wohnmobile sind mit einem elektronischen Ger\u00e4t f\u00fcr die Mauterhebung ausgestattet und sind nur f\u00fcr die Maut g\u00fcltig, und die Maut wird am Tag der Abreise des Wohnmobils berechnet.<\/p>\n\n\n\n<p><strong>Anlieferung und Abholung des Wohnmobils von unserem B\u00fcro aus<\/strong><br>Die Lieferung und Abholung des Wohnmobils auf dem Flughafen Flughafen haben eine zus\u00e4tzliche Geb\u00fchr: 60,00\u20ac <\/p>","protected":false},"excerpt":{"rendered":"<p>Wer kann unsere Wohnmobile mieten? Alle Personen \u00fcber 25 Jahre, mit F\u00fchrerschein der Klasse B seit mindestens f\u00fcnf Jahren. KautionWas ist die Kaution?Die Kaution entspricht der Selbstbeteiligung der Versicherung und deckt die Haftung im Falle eines Unfalls, eines Autodiebstahls, einer Besch\u00e4digung im Inneren des Wohnmobils oder einer Besch\u00e4digung der darin befindlichen Ausr\u00fcstung. [...]<\/p>","protected":false},"author":1,"featured_media":0,"parent":0,"menu_order":0,"comment_status":"closed","ping_status":"closed","template":"","meta":{"inline_featured_image":false,"_monsterinsights_skip_tracking":false,"_monsterinsights_sitenote_active":false,"_monsterinsights_sitenote_note":"","_monsterinsights_sitenote_category":0,"footnotes":""},"class_list":["post-1269","page","type-page","status-publish","hentry"],"_links":{"self":[{"href":"https:\/\/www.vintagecampers.net\/de\/wp-json\/wp\/v2\/pages\/1269","targetHints":{"allow":["GET"]}}],"collection":[{"href":"https:\/\/www.vintagecampers.net\/de\/wp-json\/wp\/v2\/pages"}],"about":[{"href":"https:\/\/www.vintagecampers.net\/de\/wp-json\/wp\/v2\/types\/page"}],"author":[{"embeddable":true,"href":"https:\/\/www.vintagecampers.net\/de\/wp-json\/wp\/v2\/users\/1"}],"replies":[{"embeddable":true,"href":"https:\/\/www.vintagecampers.net\/de\/wp-json\/wp\/v2\/comments?post=1269"}],"version-history":[{"count":0,"href":"https:\/\/www.vintagecampers.net\/de\/wp-json\/wp\/v2\/pages\/1269\/revisions"}],"wp:attachment":[{"href":"https:\/\/www.vintagecampers.net\/de\/wp-json\/wp\/v2\/media?parent=1269"}],"curies":[{"name":"wp","href":"https:\/\/api.w.org\/{rel}","templated":true}]}}