{"id":550,"date":"2019-09-17T09:57:15","date_gmt":"2019-09-17T09:57:15","guid":{"rendered":"https:\/\/themes.getmotopress.com\/booklium-default\/?page_id=550"},"modified":"2019-09-17T09:57:15","modified_gmt":"2019-09-17T09:57:15","slug":"offers","status":"publish","type":"page","link":"https:\/\/www.vintagecampers.net\/de\/offers\/","title":{"rendered":"Angebote"},"content":{"rendered":"<div class=\"mphb_sc_services-wrapper\">    <div class=\"mphb-services-wrapper\">\r\n\t<div class=\"mphb-service post-1123 mphb_room_service type-mphb_room_service status-publish has-post-thumbnail\">\n\n\t\n\n\t<p class=\"mphb-loop-service-thumbnail\">    <a href=\"https:\/\/www.vintagecampers.net\/de\/services\/mountain-float-spa\/\">\r\n\t\n\t<img decoding=\"async\" width=\"892\" height=\"635\" src=\"https:\/\/www.vintagecampers.net\/wp-content\/uploads\/2019\/10\/Mountain-Float-Spa.jpg\" class=\"attachment-post-thumbnail size-post-thumbnail wp-post-image\" alt=\"\" srcset=\"https:\/\/www.vintagecampers.net\/wp-content\/uploads\/2019\/10\/Mountain-Float-Spa.jpg 892w, https:\/\/www.vintagecampers.net\/wp-content\/uploads\/2019\/10\/Mountain-Float-Spa-300x214.jpg 300w, https:\/\/www.vintagecampers.net\/wp-content\/uploads\/2019\/10\/Mountain-Float-Spa-768x547.jpg 768w\" sizes=\"(max-width: 892px) 100vw, 892px\" \/>\n\t    <\/a>\r\n\t<\/p>\n\t\n<h2 class=\"mphb-service-title\">\n<a href=\"https:\/\/www.vintagecampers.net\/de\/services\/mountain-float-spa\/\">Solardusche<\/a>\n<\/h2>\n<p class=\"mphb-price-wrapper\"><strong>Preis:<\/strong>\n<span class=\"mphb-price\"><span class=\"mphb-currency\">\u20ac<\/span>20<\/span> \/ Einmalig \/ Pro Unterkunft\n<\/p>    <div class=\"mphb-loop-service-content\">\r\n\t\n\n\n    <\/div>\r\n\t\n<\/div>\n<div class=\"mphb-service post-1651 mphb_room_service type-mphb_room_service status-publish\">\n\n\t\n\n<h2 class=\"mphb-service-title\">\n<a href=\"https:\/\/www.vintagecampers.net\/de\/services\/toalhas-de-praia\/\">Strandt\u00fccher<\/a>\n<\/h2>\n<p class=\"mphb-price-wrapper\"><strong>Preis:<\/strong>\n<span class=\"mphb-price\"><span class=\"mphb-currency\">\u20ac<\/span>20<\/span> \/ Einmalig \/ Pro Unterkunft\n<\/p>    <div class=\"mphb-loop-service-content\">\r\n\t\n\n\n    <\/div>\r\n\t\n<\/div>\n<div class=\"mphb-service post-1652 mphb_room_service type-mphb_room_service status-publish\">\n\n\t\n\n<h2 class=\"mphb-service-title\">\n<a href=\"https:\/\/www.vintagecampers.net\/de\/services\/mesa-e-cadeira-exterior\/\">Tisch und Stuhl f\u00fcr drau\u00dfen<\/a>\n<\/h2>\n<p class=\"mphb-price-wrapper\"><strong>Preis:<\/strong>\n<span class=\"mphb-price\"><span class=\"mphb-currency\">\u20ac<\/span>25<\/span> \/ Einmalig \/ Pro Unterkunft\n<\/p>    <div class=\"mphb-loop-service-content\">\r\n\t\n\n\n    <\/div>\r\n\t\n<\/div>\n<div class=\"mphb-service post-1653 mphb_room_service type-mphb_room_service status-publish\">\n\n\t\n\n<h2 class=\"mphb-service-title\">\n<a href=\"https:\/\/www.vintagecampers.net\/de\/services\/sunshade\/\">Sonnenschirm<\/a>\n<\/h2>\n<p class=\"mphb-price-wrapper\"><strong>Preis:<\/strong>\n<span class=\"mphb-price\"><span class=\"mphb-currency\">\u20ac<\/span>10<\/span> \/ Einmalig \/ Pro Unterkunft\n<\/p>    <div class=\"mphb-loop-service-content\">\r\n\t\n\n\n    <\/div>\r\n\t\n<\/div>\n<div class=\"mphb-service post-1654 mphb_room_service type-mphb_room_service status-publish\">\n\n\t\n\n<h2 class=\"mphb-service-title\">\n<a href=\"https:\/\/www.vintagecampers.net\/de\/services\/kit-snorkeling\/\">Baby-Stuhl<\/a>\n<\/h2>\n<p class=\"mphb-price-wrapper\"><strong>Preis:<\/strong>\n<span class=\"mphb-price\"><span class=\"mphb-currency\">\u20ac<\/span>25<\/span> \/ Einmalig \/ Pro Unterkunft\n<\/p>    <div class=\"mphb-loop-service-content\">\r\n\t\n\n\n    <\/div>\r\n\t\n<\/div>\n<div class=\"mphb-service post-3153 mphb_room_service type-mphb_room_service status-publish\">\n\n\t\n\n<h2 class=\"mphb-service-title\">\n<a href=\"https:\/\/www.vintagecampers.net\/de\/services\/chemical-toilet\/\">Chemische Toilette<\/a>\n<\/h2>\n<p class=\"mphb-price-wrapper\"><strong>Preis:<\/strong>\n<span class=\"mphb-price\"><span class=\"mphb-currency\">\u20ac<\/span>50<\/span> \/ Einmalig \/ Pro Unterkunft\n<\/p>    <div class=\"mphb-loop-service-content\">\r\n\t\n\n\n    <\/div>\r\n\t\n<\/div>\n    <\/div>\r\n\t<\/div>","protected":false},"excerpt":{"rendered":"<p>Wir kennen alle Ihre W\u00fcnsche und m\u00f6chten Ihnen in unserem Hotel das Beste bieten! Deshalb k\u00f6nnen Sie die Welt erkunden - die Unterwasserwelt und den Himmel, indem Sie einfach an einer der Aktivit\u00e4ten teilnehmen und unvergessliche Momente erleben.<\/p>","protected":false},"author":1,"featured_media":0,"parent":0,"menu_order":0,"comment_status":"closed","ping_status":"closed","template":"template-wide-page.php","meta":{"inline_featured_image":false,"_monsterinsights_skip_tracking":false,"_monsterinsights_sitenote_active":false,"_monsterinsights_sitenote_note":"","_monsterinsights_sitenote_category":0,"footnotes":""},"class_list":["post-550","page","type-page","status-publish","hentry"],"_links":{"self":[{"href":"https:\/\/www.vintagecampers.net\/de\/wp-json\/wp\/v2\/pages\/550","targetHints":{"allow":["GET"]}}],"collection":[{"href":"https:\/\/www.vintagecampers.net\/de\/wp-json\/wp\/v2\/pages"}],"about":[{"href":"https:\/\/www.vintagecampers.net\/de\/wp-json\/wp\/v2\/types\/page"}],"author":[{"embeddable":true,"href":"https:\/\/www.vintagecampers.net\/de\/wp-json\/wp\/v2\/users\/1"}],"replies":[{"embeddable":true,"href":"https:\/\/www.vintagecampers.net\/de\/wp-json\/wp\/v2\/comments?post=550"}],"version-history":[{"count":0,"href":"https:\/\/www.vintagecampers.net\/de\/wp-json\/wp\/v2\/pages\/550\/revisions"}],"wp:attachment":[{"href":"https:\/\/www.vintagecampers.net\/de\/wp-json\/wp\/v2\/media?parent=550"}],"curies":[{"name":"wp","href":"https:\/\/api.w.org\/{rel}","templated":true}]}}