{"id":1269,"date":"2019-10-10T14:19:16","date_gmt":"2019-10-10T14:19:16","guid":{"rendered":"https:\/\/themes.getmotopress.com\/booklium-bed-and-breakfast\/?page_id=1269"},"modified":"2022-10-24T14:30:36","modified_gmt":"2022-10-24T14:30:36","slug":"terms-conditions","status":"publish","type":"page","link":"https:\/\/www.vintagecampers.net\/es\/terms-conditions\/","title":{"rendered":"T\u00e9rminos y condiciones"},"content":{"rendered":"<p><strong>\u00bfQui\u00e9n puede alquilar nuestras autocaravanas?<\/strong><br><br>Todas las personas mayores de 25 a\u00f1os, con permiso de conducir de categor\u00eda B durante al menos cinco a\u00f1os.<\/p>\n\n\n\n<p><\/p>\n\n\n\n<p><strong>Dep\u00f3sito de seguridad<\/strong><br><strong>\u00bfQu\u00e9 es la fianza?<\/strong><br>El dep\u00f3sito de seguridad corresponde a la franquicia del seguro y coincide con la responsabilidad en caso de accidente, el robo del coche, los da\u00f1os en el interior de la autocaravana o estravio del equipo existente en ella.<\/p>\n\n\n\n<p>*El valor de la fianza se encuentra en la p\u00e1gina de detalles de la furgoneta evety.<\/p>\n\n\n\n<p><strong>\u00bfC\u00f3mo se puede hacer el dep\u00f3sito de seguridad?<\/strong><br>El dep\u00f3sito se realiza preferentemente con tarjeta de cr\u00e9dito, pero tambi\u00e9n puede ser Paypal, transferencia bancaria o dinero. La fianza se realiza en el momento del check-in de la autocaravana.<\/p>\n\n\n\n<p><\/p>\n\n\n\n<p><strong>Servicio de planificaci\u00f3n y asesoramiento para sus vacaciones con Campervan<\/strong><br>Tambi\u00e9n disponemos de un servicio de asesoramiento en la planificaci\u00f3n de sus vacaciones totalmente gratuito.<br>Aconsejamos lugares para visitar, atracciones tur\u00edsticas, monumentos, castillos, palacios, museos, playas, monta\u00f1as, reservas naturales, rutas tur\u00edsticas, d\u00f3nde comer, qu\u00e9 comer, aconsejar sobre el vino, d\u00f3nde pasar la noche, etc.<\/p>\n\n\n\n<p><strong>Reservar<\/strong><br>S\u00f3lo podemos garantizar su reserva mediante el pago de 50% del importe total. Los 50% restantes pueden ser pagados en efectivo en el acto de comprobaci\u00f3n, por transferencia bancaria hasta 5 d\u00edas h\u00e1biles antes de comenzar su viaje con la autocaravana. Aceptamos tambi\u00e9n pagos con tarjeta de cr\u00e9dito, tarjeta d\u00e9bit, Paypal, MoneyGram, Western Union, TransferWise y Transfer Go.<\/p>\n\n\n\n<p><strong>M\u00e9todos de pago<\/strong><br>Como formas de pago del alquiler aceptamos transferencia bancaria, MB, VISA o Mastercard y PayPal, tarjeta de d\u00e9bito, Western Union, Money Gram, transferWise y Transfer Go. La reserva ser\u00e1 efectiva s\u00f3lo cuando recibamos el importe de 50%. En el acto de recogida, se requiere la presentaci\u00f3n de una tarjeta de cr\u00e9dito como garant\u00eda de la seguridad de la misma.<\/p>\n\n\n\n<p><strong>Tasas adicionales<br><\/strong>Entregamos la autocaravana limpia por dentro y por fuera, con el dep\u00f3sito de agua limpio y el gasoil lleno y el dep\u00f3sito de aguas residuales vac\u00edo. Si se devuelve la autocaravana tal y como se recibi\u00f3 no se cobrar\u00e1n tasas adicionales (limpieza - 30\u20ac , aseo no vac\u00edo o sucio). <\/p>\n\n\n\n<p>La entrada\/salida en domingo o fuera de nuestro horario de apertura (de 9:00 a 18:00) tiene un cargo adicional de 30,00 euros. Los pagos a trav\u00e9s de Paypal tienen un cargo adicional = 3,55% (dentro de la UE), 3,99% (EE.UU.), 4,55% (estados europeos pero fuera de la UE), 4,99% (fuera de Europa).<br>Los pagos con tarjeta de cr\u00e9dito y tarjeta de d\u00e9bito internacional tienen un recargo = 1,95%.<br>La realizaci\u00f3n del dep\u00f3sito en tarjeta de d\u00e9bito o en efectivo tiene un coste administrativo de 40,00 euros.<\/p>\n\n\n\n<p>El traslado de la autocaravana en las autopistas con peaje o en los portales es responsabilidad exclusiva del propietario del alquiler, y el importe adeudado se cobra despu\u00e9s del check out = 5,00 \u20ac + valor en deuda + 1,95%.<\/p>\n\n\n\n<p><strong>Pol\u00edtica de cancelaci\u00f3n<\/strong><br>Hasta 1 mes antes de iniciar el viaje con el campista tiene derecho al reembolso del importe total del alquiler.<br>Entre 1 mes y 15 d\u00edas antes de iniciar el viaje tiene derecho al reembolso de 50% del total del alquiler. A menos de 15 d\u00edas del inicio del viaje se pierde el valor total del aluguer.<br>En caso de aver\u00eda o accidente de una parte de la autocaravana que no resulte de su uso se a\u00f1adir\u00e1 una tasa en el valor de la reparaci\u00f3n que se estipular\u00e1 mediante factura proforma que enviar\u00e1 el reparador, esta cantidad se retirar\u00e1 del valor de la garant\u00eda en un plazo de 10 d\u00edas h\u00e1biles.<br>Nuestras autocaravanas est\u00e1n equipadas con un dispositivo electr\u00f3nico para el cobro de peajes y s\u00f3lo es v\u00e1lido para los peajes, y los peajes cobrados el d\u00eda de la salida de la autocaravana.<\/p>\n\n\n\n<p><strong>Entrega y recogida de la autocaravana en nuestras oficinas<\/strong><br>La entrega y recogida de la autocaravana en el aeropuerto tiene un coste adicional: 60,00\u20ac. <\/p>","protected":false},"excerpt":{"rendered":"<p>\u00bfQui\u00e9n puede alquilar nuestras autocaravanas? Todas las personas mayores de 25 a\u00f1os, con permiso de conducir de categor\u00eda B con al menos cinco a\u00f1os de antig\u00fcedad. Dep\u00f3sito de seguridad\u00bfQu\u00e9 es el dep\u00f3sito de seguridad?El dep\u00f3sito de seguridad corresponde a la franquicia del seguro y coincide con la responsabilidad en caso de accidente, el robo del coche, da\u00f1os en el interior de la autocaravana o estravio de los equipos existentes en el mismo. [...]<\/p>","protected":false},"author":1,"featured_media":0,"parent":0,"menu_order":0,"comment_status":"closed","ping_status":"closed","template":"","meta":{"inline_featured_image":false,"_monsterinsights_skip_tracking":false,"_monsterinsights_sitenote_active":false,"_monsterinsights_sitenote_note":"","_monsterinsights_sitenote_category":0,"footnotes":""},"class_list":["post-1269","page","type-page","status-publish","hentry"],"_links":{"self":[{"href":"https:\/\/www.vintagecampers.net\/es\/wp-json\/wp\/v2\/pages\/1269","targetHints":{"allow":["GET"]}}],"collection":[{"href":"https:\/\/www.vintagecampers.net\/es\/wp-json\/wp\/v2\/pages"}],"about":[{"href":"https:\/\/www.vintagecampers.net\/es\/wp-json\/wp\/v2\/types\/page"}],"author":[{"embeddable":true,"href":"https:\/\/www.vintagecampers.net\/es\/wp-json\/wp\/v2\/users\/1"}],"replies":[{"embeddable":true,"href":"https:\/\/www.vintagecampers.net\/es\/wp-json\/wp\/v2\/comments?post=1269"}],"version-history":[{"count":0,"href":"https:\/\/www.vintagecampers.net\/es\/wp-json\/wp\/v2\/pages\/1269\/revisions"}],"wp:attachment":[{"href":"https:\/\/www.vintagecampers.net\/es\/wp-json\/wp\/v2\/media?parent=1269"}],"curies":[{"name":"wp","href":"https:\/\/api.w.org\/{rel}","templated":true}]}}