{"id":1269,"date":"2019-10-10T14:19:16","date_gmt":"2019-10-10T14:19:16","guid":{"rendered":"https:\/\/themes.getmotopress.com\/booklium-bed-and-breakfast\/?page_id=1269"},"modified":"2022-10-24T14:30:36","modified_gmt":"2022-10-24T14:30:36","slug":"terms-conditions","status":"publish","type":"page","link":"https:\/\/www.vintagecampers.net\/fr\/terms-conditions\/","title":{"rendered":"Termes et conditions"},"content":{"rendered":"<p><strong>Qui peut louer nos camping-cars ?<\/strong><br><br>Toute personne de plus de 25 ans, titulaire d'un permis de conduire de cat\u00e9gorie B depuis au moins cinq ans.<\/p>\n\n\n\n<p><\/p>\n\n\n\n<p><strong>D\u00e9p\u00f4t de garantie<\/strong><br><strong>Quel est le montant du d\u00e9p\u00f4t de garantie ?<\/strong><br>Le d\u00e9p\u00f4t de garantie correspond \u00e0 la franchise de l'assurance et correspond \u00e0 la responsabilit\u00e9 en cas d'accident, de vol de voiture, de dommages \u00e0 l'int\u00e9rieur du camping-car ou d'estravio des \u00e9quipements existants dans celui-ci.<\/p>\n\n\n\n<p>*Vous pouvez trouver la valeur du d\u00e9p\u00f4t de garantie sur la page de d\u00e9tails du van evety.<\/p>\n\n\n\n<p><strong>Comment faire le d\u00e9p\u00f4t de garantie ?<\/strong><br>La caution est de pr\u00e9f\u00e9rence effectu\u00e9e par carte de cr\u00e9dit, mais peut aussi \u00eatre Paypal, virement bancaire, ou argent . La caution est vers\u00e9e au moment de l'enregistrement du camping-car.<\/p>\n\n\n\n<p><\/p>\n\n\n\n<p><strong>Service de planification et conseils pour vos vacances en camping-car<\/strong><br>Nous disposons \u00e9galement d'un service de conseil pour planifier vos vacances de mani\u00e8re totalement gratuite.<br>Nous conseillons des lieux \u00e0 visiter, des attractions touristiques, des monuments, des ch\u00e2teaux, des palais, des mus\u00e9es, des plages, des montagnes, des r\u00e9serves naturelles, des itin\u00e9raires touristiques, o\u00f9 manger, quoi manger, des conseils sur le vin, o\u00f9 passer la nuit, etc.<\/p>\n\n\n\n<p><strong>Pour r\u00e9server<\/strong><br>Nous ne pouvons garantir votre r\u00e9servation qu'en payant 50% du montant total. Les 50% restants peuvent \u00eatre pay\u00e9s en esp\u00e8ces au moment du check in, par virement bancaire jusqu'\u00e0 5 jours ouvrables avant le d\u00e9but de votre voyage en camping-car. Nous acceptons \u00e9galement les paiements par Cr\u00e9dit Card, d\u00e9bit card, Paypal, MoneyGram, Western Union, TransferWise et Transfer Go.<\/p>\n\n\n\n<p><strong>M\u00e9thodes de paiement<\/strong><br>Comme formes de paiement de la location nous acceptons le virement bancaire, MB, VISA ou Mastercard et PayPal, la carte de d\u00e9bit, Western Union, Money Gram, transferWise et Transfer Go. La r\u00e9servation ne sera effective que lorsque nous aurons re\u00e7u le montant de 50%. Dans l'acte de ramassage, la pr\u00e9sentation d'une carte de cr\u00e9dit est requise comme garantie de la s\u00e9curit\u00e9 de celle-ci.<\/p>\n\n\n\n<p><strong>Frais suppl\u00e9mentaires<br><\/strong>Nous livrons le camping-car propre \u00e0 l'int\u00e9rieur et \u00e0 l'ext\u00e9rieur, avec le r\u00e9servoir d'eau propre et le carburant diesel plein et le r\u00e9servoir d'eaux us\u00e9es vide. Si le camping-car est retourn\u00e9 tel qu'il a \u00e9t\u00e9 re\u00e7u, aucun frais suppl\u00e9mentaire ne sera factur\u00e9 (nettoyage - 30\u20ac, toilettes non vides ou non nettoy\u00e9es). <\/p>\n\n\n\n<p>L'enregistrement \/ le d\u00e9part le dimanche ou en dehors de nos heures d'ouverture (de 9h00 \u00e0 18h00) entra\u00eene des frais suppl\u00e9mentaires de 30,00 \u20ac. Les paiements par Paypal ont des frais suppl\u00e9mentaires = 3.55% (au sein de l'UE), 3.99% (USA), 4.55% (\u00e9tats europ\u00e9ens mais hors UE), 4.99% (hors Europe).<br>Les paiements par carte de cr\u00e9dit et par carte de d\u00e9bit internationale entra\u00eenent des frais suppl\u00e9mentaires = 1,95%.<br>La r\u00e9alisation du d\u00e9p\u00f4t en carte de d\u00e9bit ou en esp\u00e8ces a un co\u00fbt administratif de 40,00 \u20ac.<\/p>\n\n\n\n<p>Le transfert du camping-car sur les autoroutes \u00e0 p\u00e9age ou sur les portails est de la seule responsabilit\u00e9 du propri\u00e9taire de la location, et le montant d\u00fb est factur\u00e9 apr\u00e8s le check out = 5,00 \u20ac + valeur de la dette + 1,95%.<\/p>\n\n\n\n<p><strong>Politique d'annulation<\/strong><br>Jusqu'\u00e0 1 mois avant le d\u00e9but du voyage avec le campeur a droit au remboursement du montant total de la location.<br>Entre 1 mois et 15 jours avant le d\u00e9but du voyage a droit \u00e0 un remboursement de 50% du total de la location. Moins de 15 jours avant le d\u00e9but du voyage perdent la valeur totale de l'aluguer.<br>En cas de panne ou d'accident d'une partie du camping-car qui ne r\u00e9sulte pas de son utilisation, ajouter un frais dans la valeur de r\u00e9paration \u00e0 stipuler par facture proforma envoyer le r\u00e9parateur, ce montant sera retir\u00e9 de la valeur de garantie dans les 10 jours ouvrables.<br>Nos camping-cars sont \u00e9quip\u00e9s d'un dispositif \u00e9lectronique pour la collecte des p\u00e9ages et n'est valable que pour les p\u00e9ages, et les p\u00e9ages factur\u00e9s le jour du d\u00e9part du camping-car.<\/p>\n\n\n\n<p><strong>Livraison et collecte du camping-car \u00e0 partir de nos bureaux.<\/strong><br>La livraison et la collecte du camping-car \u00e0 l'a\u00e9roport ont un co\u00fbt suppl\u00e9mentaire : 60,00\u20ac. <\/p>","protected":false},"excerpt":{"rendered":"<p>Qui peut louer nos camping-cars ? Toutes les personnes de plus de 25 ans, avec un permis de conduire de cat\u00e9gorie B depuis au moins cinq ans. D\u00e9p\u00f4t de garantieQu'est-ce que le d\u00e9p\u00f4t de garantie ? Le d\u00e9p\u00f4t de garantie correspond \u00e0 la franchise de l'assurance et correspond \u00e0 la responsabilit\u00e9 en cas d'accident, de vol de voiture, de dommages \u00e0 l'int\u00e9rieur du camping-car ou d'estravio des \u00e9quipements existants dans celui-ci. [...]<\/p>","protected":false},"author":1,"featured_media":0,"parent":0,"menu_order":0,"comment_status":"closed","ping_status":"closed","template":"","meta":{"inline_featured_image":false,"_monsterinsights_skip_tracking":false,"_monsterinsights_sitenote_active":false,"_monsterinsights_sitenote_note":"","_monsterinsights_sitenote_category":0,"footnotes":""},"class_list":["post-1269","page","type-page","status-publish","hentry"],"_links":{"self":[{"href":"https:\/\/www.vintagecampers.net\/fr\/wp-json\/wp\/v2\/pages\/1269","targetHints":{"allow":["GET"]}}],"collection":[{"href":"https:\/\/www.vintagecampers.net\/fr\/wp-json\/wp\/v2\/pages"}],"about":[{"href":"https:\/\/www.vintagecampers.net\/fr\/wp-json\/wp\/v2\/types\/page"}],"author":[{"embeddable":true,"href":"https:\/\/www.vintagecampers.net\/fr\/wp-json\/wp\/v2\/users\/1"}],"replies":[{"embeddable":true,"href":"https:\/\/www.vintagecampers.net\/fr\/wp-json\/wp\/v2\/comments?post=1269"}],"version-history":[{"count":0,"href":"https:\/\/www.vintagecampers.net\/fr\/wp-json\/wp\/v2\/pages\/1269\/revisions"}],"wp:attachment":[{"href":"https:\/\/www.vintagecampers.net\/fr\/wp-json\/wp\/v2\/media?parent=1269"}],"curies":[{"name":"wp","href":"https:\/\/api.w.org\/{rel}","templated":true}]}}