{"id":1616,"date":"2022-03-10T18:27:52","date_gmt":"2022-03-10T18:27:52","guid":{"rendered":"https:\/\/www.vintagecampers.net\/?page_id=1616"},"modified":"2022-03-13T16:47:18","modified_gmt":"2022-03-13T16:47:18","slug":"contacts-2","status":"publish","type":"page","link":"https:\/\/www.vintagecampers.net\/fr\/contacts-2\/","title":{"rendered":"Contacts"},"content":{"rendered":"<div class=\"wp-block-columns has-2-columns is-layout-flex wp-container-core-columns-is-layout-9d6595d7 wp-block-columns-is-layout-flex\">\n<div class=\"wp-block-column is-layout-flow wp-block-column-is-layout-flow\">\n<div class=\"wp-block-getwid-advanced-heading\" style=\"margin-bottom:30px\"><h2 class=\"wp-block-getwid-advanced-heading__content\" style=\"font-family:&quot;Questrial&quot;;font-weight:normal;letter-spacing:2px\"><strong>Nous sommes l\u00e0 pour vous aider<\/strong><\/h2><\/div>\n\n\n\n<p>Notre priorit\u00e9 est de vous offrir la meilleure exp\u00e9rience possible sur l'\u00eele de Mad\u00e8re.<\/p>\n\n\n\n<p>N'h\u00e9sitez pas \u00e0 nous demander n'importe quoi, n'importe quand.<\/p>\n\n\n\n<div style=\"height:20px\" aria-hidden=\"true\" class=\"wp-block-spacer\"><\/div>\n\n\n\n<div class=\"wp-block-getwid-advanced-heading has-custom-font-size\" style=\"font-size:14px;margin-bottom:0px\"><span class=\"wp-block-getwid-advanced-heading__content\">Adresse<\/span><\/div>\n\n\n\n<div class=\"wp-block-getwid-advanced-heading has-custom-font-size\" style=\"font-size:normal\"><span class=\"wp-block-getwid-advanced-heading__content has-text-color has-arsenic-color\" style=\"font-weight:500\"><a rel=\"noreferrer noopener\" href=\"https:\/\/www.google.com\/maps\/dir\/?api=1&amp;destination=32.651852%2C-16.91474&amp;fbclid=IwAR2CtRijbKQzpOmrvMCCtsdRsFOatj_5JdMjtBI2SYPYlNRJ5ElmXJKUvak\" target=\"_blank\">Cal\u00e7ada do Pico, 52 - 9000-206 Funchal, Mad\u00e8re<\/a><\/span><\/div>\n\n\n\n<div class=\"wp-block-getwid-advanced-heading has-custom-font-size\" style=\"font-size:14px;margin-bottom:0px\"><span class=\"wp-block-getwid-advanced-heading__content\">T\u00e9l\u00e9phone <\/span><\/div>\n\n\n\n<div class=\"wp-block-getwid-advanced-heading has-custom-font-size\" style=\"font-size:normal\"><span class=\"wp-block-getwid-advanced-heading__content has-text-color has-arsenic-color\" style=\"font-weight:500\"><a href=\"t\u00e9l:935 743 598\"> +351 935 743 598<\/a><\/span><\/div>\n\n\n\n<div class=\"wp-block-getwid-advanced-heading has-custom-font-size\" style=\"font-size:14px;margin-bottom:0px\"><span class=\"wp-block-getwid-advanced-heading__content\">Courriel :<\/span><\/div>\n\n\n\n<div class=\"wp-block-getwid-advanced-heading has-custom-font-size\" style=\"font-size:normal\"><span class=\"wp-block-getwid-advanced-heading__content has-text-color has-arsenic-color\" style=\"font-weight:500\"><a href=\"Adresse \u00e9lectronique : jeangcautin@gmail.com\">jeangcautin@gmail.com<\/a><br><a href=\"mailto:info@vintagecampers.net\">info@vintagecampers.net<\/a><br><\/span><\/div>\n<\/div>\n\n\n\n<div class=\"wp-block-column is-layout-flow wp-block-column-is-layout-flow\">\n<div class=\"wp-block-getwid-section is-style-with-shadow\"><div class=\"wp-block-getwid-section__wrapper getwid-padding-top-medium getwid-padding-bottom-medium getwid-padding-left-medium getwid-padding-right-medium\"><div class=\"wp-block-getwid-section__inner-wrapper\"><div class=\"wp-block-getwid-section__background-holder\"><div class=\"wp-block-getwid-section__background has-background has-white-background-color\"><\/div><div class=\"wp-block-getwid-section__foreground\"><\/div><\/div><div class=\"wp-block-getwid-section__content\"><div class=\"wp-block-getwid-section__inner-content\">        <div class='wp-block-getwid-contact-form'>\n            <form class='wp-block-getwid-contact-form__form' action=\"\">\n    \n        <p class='wp-block-getwid-field-name'>\n\t    <label\n        for='name-69d182accfc74'\n        class='wp-block-getwid-field-name__label'\n    >Votre nom *<\/label>\n\t    <input id='name-69d182accfc74' type='text' name='name'            placeholder='Entrez votre nom'             required=''\n            \/>\n<\/p>\n\n\n        <p class='wp-block-getwid-field-email'>\n\t    <label\n\t\tfor='email-69d182accfd6a'\n        class='wp-block-getwid-field-email__label'\n    >Votre courriel *<\/label>\n\t    <input id='email-69d182accfd6a' type='email' name='email'             placeholder='Entrez votre courriel'             required=''    \/>\n<\/p>\n\n\n        <p class='wp-block-getwid-field-textarea'>\n\t    <label\n\t\tfor='message-69d182accfe33'\n        class='wp-block-getwid-field-textarea__label'\n    >Message<\/label>\n\t    <textarea\n\t\tid='message-69d182accfe33' rows='5' name='message'            placeholder='Commentaire'            required=''\n            ><\/textarea>\n<\/p>\n\n\n    <input name='subject' \t\ttype='hidden'\n\t\/>\n\n\t<p class='wp-block-getwid-contact-form__result'><\/p>\n\n\t<div class='wp-block-getwid-contact-form__submit'>\n\t\t<div class='wp-block-button'>\n\t\t\t<button\n\t\t\t\ttype='submit'\n\t\t\t\tclass='wp-block-button__link'\t\t\t\t\tstyle=''\t\t\t>Envoyer un message<\/button>\n\t\t<\/div>\n\n\t<\/div>\n<input type=\"hidden\" name=\"trp-form-language\" value=\"fr\"\/><\/form>\n        <\/div><\/div><\/div><\/div><\/div><\/div>\n<\/div>\n<\/div>\n\n\n\n<div style=\"height:50px\" aria-hidden=\"true\" class=\"wp-block-spacer\"><\/div>\n\n\n\n<div style=\"height:30px\" aria-hidden=\"true\" class=\"wp-block-spacer\"><\/div>\n\n\n\n<div class=\"wp-block-getwid-advanced-heading\" style=\"margin-bottom:5px\"><h2 class=\"wp-block-getwid-advanced-heading__content\" style=\"text-align:center;font-family:&quot;Questrial&quot;;font-weight:normal;letter-spacing:2px\"><\/h2><\/div>\n\n\n\n\n<p><!-- \/wp:post-content -->\n\n\n\n\n<\/p><p><!-- \/wp:getwid\/section -->\n<\/p><p><!-- \/wp:column -->\n<\/p><p><!-- \/wp:columns --><\/p>","protected":false},"excerpt":{"rendered":"<p>Notre priorit\u00e9 est de vous offrir la meilleure exp\u00e9rience possible sur l'\u00eele de Mad\u00e8re. N'h\u00e9sitez pas \u00e0 nous demander n'importe quoi, \u00e0 tout moment.<\/p>","protected":false},"author":1,"featured_media":0,"parent":0,"menu_order":0,"comment_status":"closed","ping_status":"closed","template":"template-wide-page.php","meta":{"inline_featured_image":false,"_monsterinsights_skip_tracking":false,"_monsterinsights_sitenote_active":false,"_monsterinsights_sitenote_note":"","_monsterinsights_sitenote_category":0,"footnotes":""},"class_list":["post-1616","page","type-page","status-publish","hentry"],"_links":{"self":[{"href":"https:\/\/www.vintagecampers.net\/fr\/wp-json\/wp\/v2\/pages\/1616","targetHints":{"allow":["GET"]}}],"collection":[{"href":"https:\/\/www.vintagecampers.net\/fr\/wp-json\/wp\/v2\/pages"}],"about":[{"href":"https:\/\/www.vintagecampers.net\/fr\/wp-json\/wp\/v2\/types\/page"}],"author":[{"embeddable":true,"href":"https:\/\/www.vintagecampers.net\/fr\/wp-json\/wp\/v2\/users\/1"}],"replies":[{"embeddable":true,"href":"https:\/\/www.vintagecampers.net\/fr\/wp-json\/wp\/v2\/comments?post=1616"}],"version-history":[{"count":0,"href":"https:\/\/www.vintagecampers.net\/fr\/wp-json\/wp\/v2\/pages\/1616\/revisions"}],"wp:attachment":[{"href":"https:\/\/www.vintagecampers.net\/fr\/wp-json\/wp\/v2\/media?parent=1616"}],"curies":[{"name":"wp","href":"https:\/\/api.w.org\/{rel}","templated":true}]}}