{"id":17,"date":"2019-09-26T08:25:15","date_gmt":"2019-09-26T08:25:15","guid":{"rendered":"https:\/\/themes.getmotopress.com\/booklium-bed-and-breakfast\/?page_id=17"},"modified":"2023-05-11T15:22:05","modified_gmt":"2023-05-11T15:22:05","slug":"home","status":"publish","type":"page","link":"https:\/\/www.vintagecampers.net\/pt\/","title":{"rendered":"In\u00edcio"},"content":{"rendered":"<div class=\"wp-block-getwid-section alignfull getwid-margin-bottom-none\"><div class=\"wp-block-getwid-section__wrapper getwid-padding-left-normal getwid-padding-right-normal getwid-padding-mobile-left-small getwid-padding-mobile-right-small\" style=\"min-height:70vh;padding-top:0px;padding-bottom:0px\"><div class=\"wp-block-getwid-section__inner-wrapper\"><div class=\"wp-block-getwid-section__background-holder\"><div class=\"wp-block-getwid-section__background\" style=\"background-image:url('https:\/\/www.vintagecampers.net\/wp-content\/uploads\/2022\/03\/thisss.jpg')\"><div class=\"wp-block-getwid-section__background-image-wrapper\"><img decoding=\"async\" class=\"wp-block-getwid-section__background-image\" src=\"https:\/\/www.vintagecampers.net\/wp-content\/uploads\/2022\/03\/thisss.jpg\" alt=\"\"\/><\/div><\/div><div class=\"wp-block-getwid-section__foreground\" style=\"opacity:0.72\"><\/div><\/div><div class=\"wp-block-getwid-section__content\"><div class=\"wp-block-getwid-section__inner-content\">\n<div class=\"wp-block-getwid-section getwid-section-content-custom-width\"><div class=\"wp-block-getwid-section__wrapper getwid-padding-top-none getwid-padding-bottom-none getwid-padding-left-none getwid-padding-right-none\"><div class=\"wp-block-getwid-section__inner-wrapper\" style=\"max-width:700px\"><div class=\"wp-block-getwid-section__background-holder\"><div class=\"wp-block-getwid-section__background\"><\/div><div class=\"wp-block-getwid-section__foreground\"><\/div><\/div><div class=\"wp-block-getwid-section__content\"><div class=\"wp-block-getwid-section__inner-content\">\n<div class=\"wp-block-getwid-advanced-heading is-style-default has-custom-font-size\" style=\"font-size:54px;margin-bottom:40px;margin-top:20px\"><h2 class=\"wp-block-getwid-advanced-heading__content has-text-color has-white-color\" style=\"text-align:center;text-transform:none;line-height:1.2em;letter-spacing:2px\"><strong>Casa \u00e9 onde se estaciona.<\/strong><\/h2><\/div>\n\n\n\n<div class=\"wp-block-getwid-section getwid-section-content-custom-width\"><div class=\"wp-block-getwid-section__wrapper getwid-padding-top-none getwid-padding-bottom-none getwid-padding-left-none getwid-padding-right-none getwid-align-items-flex-start\"><div class=\"wp-block-getwid-section__inner-wrapper\" style=\"max-width:500px\"><div class=\"wp-block-getwid-section__background-holder\"><div class=\"wp-block-getwid-section__background\"><\/div><div class=\"wp-block-getwid-section__foreground\"><\/div><\/div><div class=\"wp-block-getwid-section__content\"><div class=\"wp-block-getwid-section__inner-content\">\n<p class=\"has-text-align-center has-white-color has-text-color\">Descubra a ilha da Madeira de uma forma \u00fanica e experimente a liberdade deste estilo de vida. Esque\u00e7a os hor\u00e1rios, os check-ins\/check-outs e desfrute ao seu pr\u00f3prio ritmo!<\/p>\n\n\n<div class=\"mphb_sc_search-wrapper is-style-horizontal-white mphbs-fw-100\">\n<form method=\"GET\" class=\"mphb_sc_search-form\" action=\"https:\/\/www.vintagecampers.net\/pt\/search-results\/\" data-first_available_check_in_date=\"2026-04-14\" data-trp-original-action=\"https:\/\/www.vintagecampers.net\/pt\/search-results\/\">\n\n\t\n\t<p class=\"mphb_sc_search-check-in-date\">\n\t\t<label for=\"mphb_check_in_date-mphb-search-form-69ded0b49b611\">\n\t\t\tRegisto de entrada\t\t\t<abbr title=\"Formatada como dd\/mm\/aaaaa\">*<\/abbr>\n\t\t<\/label>\n\t\t<br \/>\n\t\t<input\n\t\t\tid=\"mphb_check_in_date-mphb-search-form-69ded0b49b611\"\n\t\t\tdata-datepick-group=\"mphb-search-form-69ded0b49b611\"\n\t\t\tvalue=\"\"\n\t\t\tplaceholder=\"Dados do Check-in\"\n\t\t\trequired=\"required\"\n\t\t\ttype=\"text\"\n\t\t\tinputmode=\"none\"\n\t\t\tname=\"mphb_check_in_date\"\n\t\t\tclass=\"mphb-datepick\"\n\t\t\tautocomplete=\"off\"\n\t\t\t\/>\n\t<\/p>\n\n\t<p class=\"mphb_sc_search-check-out-date\">\n\t\t<label for=\"mphb_check_out_date-mphb-search-form-69ded0b49b611\">\n\t\t\tRegisto de sa\u00edda\t\t\t<abbr title=\"Formatada como dd\/mm\/aaaaa\">*<\/abbr>\n\t\t<\/label>\n\t\t<br \/>\n\t\t<input\n\t\t\tid=\"mphb_check_out_date-mphb-search-form-69ded0b49b611\"\n\t\t\tdata-datepick-group=\"mphb-search-form-69ded0b49b611\"\n\t\t\tvalue=\"\"\n\t\t\tplaceholder=\"Dados do check-out\"\n\t\t\trequired=\"required\"\n\t\t\ttype=\"text\"\n\t\t\tinputmode=\"none\"\n\t\t\tname=\"mphb_check_out_date\"\n\t\t\tclass=\"mphb-datepick\"\n\t\t\tautocomplete=\"off\"\n\t\t\t\/>\n\t<\/p>\n\n\t\t\t<p class=\"mphb_sc_search-adults\">\n\t\t\t<label for=\"mphb_adults-mphb-search-form-69ded0b49b611\">\n\t\t\t\tH\u00f3spedes\t\t\t<\/label>\n\t\t\t<br \/>\n\t\t\t<select id=\"mphb_adults-mphb-search-form-69ded0b49b611\" name=\"mphb_adults\" >\n\t\t\t\t\t\t\t\t\t<option value=\"1\"  selected='selected'>1<\/option>\n\t\t\t\t\t\t\t\t\t<option value=\"2\" >2<\/option>\n\t\t\t\t\t\t\t\t\t<option value=\"3\" >3<\/option>\n\t\t\t\t\t\t\t\t\t<option value=\"4\" >4<\/option>\n\t\t\t\t\t\t\t\t\t<option value=\"5\" >5<\/option>\n\t\t\t\t\t\t\t\t\t<option value=\"6\" >6<\/option>\n\t\t\t\t\t\t\t\t\t<option value=\"7\" >7<\/option>\n\t\t\t\t\t\t\t\t\t<option value=\"8\" >8<\/option>\n\t\t\t\t\t\t\t\t\t<option value=\"9\" >9<\/option>\n\t\t\t\t\t\t\t\t\t<option value=\"10\" >10<\/option>\n\t\t\t\t\t\t\t\t\t<option value=\"11\" >11<\/option>\n\t\t\t\t\t\t\t\t\t<option value=\"12\" >12<\/option>\n\t\t\t\t\t\t\t\t\t<option value=\"13\" >13<\/option>\n\t\t\t\t\t\t\t\t\t<option value=\"14\" >14<\/option>\n\t\t\t\t\t\t\t\t\t<option value=\"15\" >15<\/option>\n\t\t\t\t\t\t\t\t\t<option value=\"16\" >16<\/option>\n\t\t\t\t\t\t\t\t\t<option value=\"17\" >17<\/option>\n\t\t\t\t\t\t\t\t\t<option value=\"18\" >18<\/option>\n\t\t\t\t\t\t\t\t\t<option value=\"19\" >19<\/option>\n\t\t\t\t\t\t\t\t\t<option value=\"20\" >20<\/option>\n\t\t\t\t\t\t\t\t\t<option value=\"21\" >21<\/option>\n\t\t\t\t\t\t\t\t\t<option value=\"22\" >22<\/option>\n\t\t\t\t\t\t\t\t\t<option value=\"23\" >23<\/option>\n\t\t\t\t\t\t\t\t\t<option value=\"24\" >24<\/option>\n\t\t\t\t\t\t\t\t\t<option value=\"25\" >25<\/option>\n\t\t\t\t\t\t\t\t\t<option value=\"26\" >26<\/option>\n\t\t\t\t\t\t\t\t\t<option value=\"27\" >27<\/option>\n\t\t\t\t\t\t\t\t\t<option value=\"28\" >28<\/option>\n\t\t\t\t\t\t\t\t\t<option value=\"29\" >29<\/option>\n\t\t\t\t\t\t\t\t\t<option value=\"30\" >30<\/option>\n\t\t\t\t\t\t\t<\/select>\n\t\t<\/p>\n\t\n\t\t\t<input type=\"hidden\" id=\"mphb_children-mphb-search-form-69ded0b49b611\" name=\"mphb_children\" value=\"0\" \/>\n\t\n\t\n\t\n\t<input id=\"mphb_check_in_date-mphb-search-form-69ded0b49b611-hidden\" value=\"\" type=\"hidden\" name=\"mphb_check_in_date\" \/><input id=\"mphb_check_out_date-mphb-search-form-69ded0b49b611-hidden\" value=\"\" type=\"hidden\" name=\"mphb_check_out_date\" \/>\n\t<p class=\"mphb_sc_search-submit-button-wrapper\">\n\t\t<input type=\"submit\" class=\"button\" value=\"Pesquisa\"\/>\n\t<\/p>\n\n\t\n<input type=\"hidden\" name=\"trp-form-language\" value=\"pt\"\/><\/form>\n<\/div><\/div><\/div><\/div><\/div><\/div>\n<\/div><\/div><\/div><\/div><\/div>\n<\/div><\/div><\/div><\/div><\/div>\n\n\n\n<div class=\"wp-block-getwid-section alignfull alignfull getwid-margin-bottom-none\"><div class=\"wp-block-getwid-section__wrapper getwid-padding-left-normal getwid-padding-right-normal getwid-padding-mobile-left-small getwid-padding-mobile-right-small\" style=\"padding-top:60px;padding-bottom:100px\"><div class=\"wp-block-getwid-section__inner-wrapper\"><div class=\"wp-block-getwid-section__background-holder\"><div class=\"wp-block-getwid-section__background has-background has-white-background-color\"><\/div><div class=\"wp-block-getwid-section__foreground\"><\/div><\/div><div class=\"wp-block-getwid-section__content\"><div class=\"wp-block-getwid-section__inner-content\">\n<div class=\"wp-block-columns has-3-columns is-layout-flex wp-container-core-columns-is-layout-9d6595d7 wp-block-columns-is-layout-flex\">\n<div class=\"wp-block-column is-layout-flow wp-block-column-is-layout-flow\">\n<div class=\"wp-block-getwid-section\"><div class=\"wp-block-getwid-section__wrapper getwid-padding-top-none getwid-padding-bottom-none getwid-padding-left-none getwid-padding-tablet-right-none getwid-padding-mobile-bottom-medium getwid-padding-mobile-right-none getwid-reset-min-height-tablet getwid-reset-min-height-mobile\" style=\"min-height:436px;padding-right:60px\"><div class=\"wp-block-getwid-section__inner-wrapper\"><div class=\"wp-block-getwid-section__background-holder\"><div class=\"wp-block-getwid-section__background\"><\/div><div class=\"wp-block-getwid-section__foreground\"><\/div><\/div><div class=\"wp-block-getwid-section__content\"><div class=\"wp-block-getwid-section__inner-content\">\n<div class=\"wp-block-getwid-advanced-heading\" style=\"margin-bottom:5px\"><span class=\"wp-block-getwid-advanced-heading__content\">Explore a Ilha da Madeira com liberdade<\/span><\/div>\n\n\n\n<div class=\"wp-block-getwid-advanced-heading has-custom-font-size\" style=\"font-size:34px;margin-bottom:30px\"><h2 class=\"wp-block-getwid-advanced-heading__content has-text-color has-black-color\" style=\"letter-spacing:2px\"><strong>Uma carrinha que te serve!<\/strong><\/h2><\/div>\n\n\n\n<p style=\"font-size:20px\">Oferecemos-lhe ve\u00edculos personalizados, atenciosos em rela\u00e7\u00e3o ao seu gosto e estilo.<\/p>\n\n\n\n<div class=\"wp-block-getwid-advanced-spacer\" style=\"height:20px\" aria-hidden=\"true\"><\/div>\n\n\n\n<div class=\"wp-block-button\"><a class=\"wp-block-button__link wp-element-button\" href=\"https:\/\/www.vintagecampers.net\/rooms-grid\/\">Nossas Vans<\/a><\/div>\n<\/div><\/div><\/div><\/div><\/div>\n<\/div>\n\n\n\n<div class=\"wp-block-column is-layout-flow wp-block-column-is-layout-flow\">\n<figure class=\"wp-block-image size-large\"><img decoding=\"async\" width=\"1024\" height=\"1024\" src=\"https:\/\/www.vintagecampers.net\/wp-content\/uploads\/2023\/05\/343290379_911356056781640_5897187781273556192_n-01-1024x1024.jpg\" alt=\"\" class=\"wp-image-2529\" srcset=\"https:\/\/www.vintagecampers.net\/wp-content\/uploads\/2023\/05\/343290379_911356056781640_5897187781273556192_n-01-1024x1024.jpg 1024w, https:\/\/www.vintagecampers.net\/wp-content\/uploads\/2023\/05\/343290379_911356056781640_5897187781273556192_n-01-300x300.jpg 300w, https:\/\/www.vintagecampers.net\/wp-content\/uploads\/2023\/05\/343290379_911356056781640_5897187781273556192_n-01-150x150.jpg 150w, https:\/\/www.vintagecampers.net\/wp-content\/uploads\/2023\/05\/343290379_911356056781640_5897187781273556192_n-01-768x768.jpg 768w, https:\/\/www.vintagecampers.net\/wp-content\/uploads\/2023\/05\/343290379_911356056781640_5897187781273556192_n-01-1536x1536.jpg 1536w, https:\/\/www.vintagecampers.net\/wp-content\/uploads\/2023\/05\/343290379_911356056781640_5897187781273556192_n-01-2048x2048.jpg 2048w, https:\/\/www.vintagecampers.net\/wp-content\/uploads\/2023\/05\/343290379_911356056781640_5897187781273556192_n-01-12x12.jpg 12w, https:\/\/www.vintagecampers.net\/wp-content\/uploads\/2023\/05\/343290379_911356056781640_5897187781273556192_n-01-892x892.jpg 892w, https:\/\/www.vintagecampers.net\/wp-content\/uploads\/2023\/05\/343290379_911356056781640_5897187781273556192_n-01-1350x1350.jpg 1350w\" sizes=\"(max-width: 1024px) 100vw, 1024px\" \/><\/figure>\n<\/div>\n\n\n\n<div class=\"wp-block-column is-layout-flow wp-block-column-is-layout-flow\">\n<figure class=\"wp-block-image size-full\"><img decoding=\"async\" width=\"753\" height=\"754\" src=\"https:\/\/www.vintagecampers.net\/wp-content\/uploads\/2022\/02\/122033964_1839389832879505_404616573129659103_n2-2.jpg\" alt=\"\" class=\"wp-image-1438\" srcset=\"https:\/\/www.vintagecampers.net\/wp-content\/uploads\/2022\/02\/122033964_1839389832879505_404616573129659103_n2-2.jpg 753w, https:\/\/www.vintagecampers.net\/wp-content\/uploads\/2022\/02\/122033964_1839389832879505_404616573129659103_n2-2-300x300.jpg 300w, https:\/\/www.vintagecampers.net\/wp-content\/uploads\/2022\/02\/122033964_1839389832879505_404616573129659103_n2-2-150x150.jpg 150w\" sizes=\"(max-width: 753px) 100vw, 753px\" \/><\/figure>\n<\/div>\n<\/div>\n<\/div><\/div><\/div><\/div><\/div>\n\n\n\n<div class=\"wp-block-getwid-section alignfull getwid-margin-bottom-none\"><div class=\"wp-block-getwid-section__wrapper getwid-padding-left-normal getwid-padding-right-normal getwid-padding-mobile-left-small getwid-padding-mobile-right-small\" style=\"padding-top:80px;padding-bottom:80px\"><div class=\"wp-block-getwid-section__inner-wrapper\"><div class=\"wp-block-getwid-section__background-holder\"><div class=\"wp-block-getwid-section__background\" style=\"background-image:url('https:\/\/www.vintagecampers.net\/wp-content\/uploads\/2022\/03\/119783651_1806685612816594_2281433196953642246_n.jpg');background-attachment:fixed\"><div class=\"wp-block-getwid-section__background-image-wrapper\"><img decoding=\"async\" class=\"wp-block-getwid-section__background-image\" src=\"https:\/\/www.vintagecampers.net\/wp-content\/uploads\/2022\/03\/119783651_1806685612816594_2281433196953642246_n.jpg\" alt=\"\"\/><\/div><\/div><div class=\"wp-block-getwid-section__foreground\" style=\"opacity:0.3;background-color:#3b4249\"><\/div><\/div><div class=\"wp-block-getwid-section__content\"><div class=\"wp-block-getwid-section__inner-content\">\n<div class=\"wp-block-columns has-4-columns is-layout-flex wp-container-core-columns-is-layout-9d6595d7 wp-block-columns-is-layout-flex\">\n<div class=\"wp-block-column is-layout-flow wp-block-column-is-layout-flow\">\n<div class=\"wp-block-getwid-icon-box getwid-animation has-text-center\" data-animation=\"slideBottom\"><div style=\"margin-bottom:0px\" class=\"wp-block-getwid-icon-box__icon-container is-position-top\"><div class=\"wp-block-getwid-icon-box__icon-wrapper has-text-color has-white-color\" style=\"font-size:36px\"><i class=\"fas fa-sun\"><\/i><\/div><\/div><div class=\"wp-block-getwid-icon-box__content\">\n<div class=\"wp-block-getwid-advanced-heading is-style-with-shadow\"><h4 class=\"wp-block-getwid-advanced-heading__content has-text-color has-white-color\" style=\"letter-spacing:2px\"><strong>Painel Solar<\/strong><\/h4><\/div>\n\n\n\n<p class=\"has-white-color has-text-color\" style=\"font-size:14px\">em cada carrinha<\/p>\n<\/div><\/div>\n<\/div>\n\n\n\n<div class=\"wp-block-column is-layout-flow wp-block-column-is-layout-flow\">\n<div class=\"wp-block-getwid-icon-box getwid-animation has-text-center\" data-animation=\"slideBottom\"><div style=\"margin-bottom:0px\" class=\"wp-block-getwid-icon-box__icon-container is-position-top\"><div class=\"wp-block-getwid-icon-box__icon-wrapper has-text-color has-white-color\" style=\"font-size:36px\"><i class=\"fas fa-concierge-bell\"><\/i><\/div><\/div><div class=\"wp-block-getwid-icon-box__content\">\n<div class=\"wp-block-getwid-advanced-heading is-style-with-shadow\"><h4 class=\"wp-block-getwid-advanced-heading__content has-text-color has-white-color\" style=\"letter-spacing:2px\"><strong>Cozinha<\/strong><\/h4><\/div>\n\n\n\n<p class=\"has-white-color has-text-color\" style=\"font-size:14px\">em cada carrinha<\/p>\n<\/div><\/div>\n<\/div>\n\n\n\n<div class=\"wp-block-column is-layout-flow wp-block-column-is-layout-flow\">\n<div class=\"wp-block-getwid-icon-box getwid-animation has-text-center\" data-animation=\"slideBottom\"><div style=\"margin-bottom:0px\" class=\"wp-block-getwid-icon-box__icon-container is-position-top\"><div class=\"wp-block-getwid-icon-box__icon-wrapper has-text-color has-white-color\" style=\"font-size:36px\"><i class=\"fas fa-snowflake\"><\/i><\/div><\/div><div class=\"wp-block-getwid-icon-box__content\">\n<div class=\"wp-block-getwid-advanced-heading is-style-with-shadow\"><h4 class=\"wp-block-getwid-advanced-heading__content has-text-color has-white-color\" style=\"letter-spacing:2px\"><strong>Ar Condicionado<\/strong><\/h4><\/div>\n\n\n\n<p class=\"has-white-color has-text-color\" style=\"font-size:14px\">em cada carrinha<\/p>\n<\/div><\/div>\n<\/div>\n\n\n\n<div class=\"wp-block-column is-layout-flow wp-block-column-is-layout-flow\">\n<div class=\"wp-block-getwid-icon-box getwid-animation has-text-center\" data-animation=\"slideBottom\"><div style=\"margin-bottom:0px\" class=\"wp-block-getwid-icon-box__icon-container is-position-top\"><div class=\"wp-block-getwid-icon-box__icon-wrapper has-text-color has-white-color\" style=\"font-size:36px\"><i class=\"fas fa-shower\"><\/i><\/div><\/div><div class=\"wp-block-getwid-icon-box__content\">\n<div class=\"wp-block-getwid-advanced-heading is-style-with-shadow\"><h4 class=\"wp-block-getwid-advanced-heading__content has-text-color has-white-color\" style=\"letter-spacing:2px\">Chuveiro Exterior<\/h4><\/div>\n\n\n\n<p class=\"has-white-color has-text-color\" style=\"font-size:14px\">em cada carrinha<\/p>\n<\/div><\/div>\n<\/div>\n<\/div>\n<\/div><\/div><\/div><\/div><\/div>\n\n\n\n<div class=\"wp-block-getwid-section alignfull alignfull getwid-margin-bottom-none\"><div class=\"wp-block-getwid-section__wrapper getwid-padding-left-normal getwid-padding-right-normal getwid-padding-mobile-left-small getwid-padding-mobile-right-small\" style=\"padding-top:80px;padding-bottom:60px\"><div class=\"wp-block-getwid-section__inner-wrapper\"><div class=\"wp-block-getwid-section__background-holder\"><div class=\"wp-block-getwid-section__background has-background has-white-background-color\"><\/div><div class=\"wp-block-getwid-section__foreground\"><\/div><\/div><div class=\"wp-block-getwid-section__content\"><div class=\"wp-block-getwid-section__inner-content\">\n<div class=\"wp-block-columns has-2-columns is-layout-flex wp-container-core-columns-is-layout-9d6595d7 wp-block-columns-is-layout-flex\">\n<div class=\"wp-block-column is-layout-flow wp-block-column-is-layout-flow\">\n<div class=\"wp-block-columns has-2-columns is-layout-flex wp-container-core-columns-is-layout-9d6595d7 wp-block-columns-is-layout-flex\">\n<div class=\"wp-block-column is-layout-flow wp-block-column-is-layout-flow\">\n<figure class=\"wp-block-image size-large\"><img decoding=\"async\" width=\"499\" height=\"499\" src=\"https:\/\/www.vintagecampers.net\/wp-content\/uploads\/2022\/03\/256241587_2183894788429006_5567383770406306014_n-edited-1.jpg\" alt=\"\" class=\"wp-image-1739\" srcset=\"https:\/\/www.vintagecampers.net\/wp-content\/uploads\/2022\/03\/256241587_2183894788429006_5567383770406306014_n-edited-1.jpg 499w, https:\/\/www.vintagecampers.net\/wp-content\/uploads\/2022\/03\/256241587_2183894788429006_5567383770406306014_n-edited-1-300x300.jpg 300w, https:\/\/www.vintagecampers.net\/wp-content\/uploads\/2022\/03\/256241587_2183894788429006_5567383770406306014_n-edited-1-150x150.jpg 150w, https:\/\/www.vintagecampers.net\/wp-content\/uploads\/2022\/03\/256241587_2183894788429006_5567383770406306014_n-edited-1-12x12.jpg 12w\" sizes=\"(max-width: 499px) 100vw, 499px\" \/><\/figure>\n<\/div>\n\n\n\n<div class=\"wp-block-column is-layout-flow wp-block-column-is-layout-flow\">\n<figure class=\"wp-block-image size-large\"><img decoding=\"async\" width=\"1202\" height=\"1200\" src=\"https:\/\/www.vintagecampers.net\/wp-content\/uploads\/2022\/03\/272424981_2236021179883033_983912920166402556_n-edited-1.jpg\" alt=\"\" class=\"wp-image-1740\" srcset=\"https:\/\/www.vintagecampers.net\/wp-content\/uploads\/2022\/03\/272424981_2236021179883033_983912920166402556_n-edited-1.jpg 1202w, https:\/\/www.vintagecampers.net\/wp-content\/uploads\/2022\/03\/272424981_2236021179883033_983912920166402556_n-edited-1-300x300.jpg 300w, https:\/\/www.vintagecampers.net\/wp-content\/uploads\/2022\/03\/272424981_2236021179883033_983912920166402556_n-edited-1-1024x1022.jpg 1024w, https:\/\/www.vintagecampers.net\/wp-content\/uploads\/2022\/03\/272424981_2236021179883033_983912920166402556_n-edited-1-150x150.jpg 150w, https:\/\/www.vintagecampers.net\/wp-content\/uploads\/2022\/03\/272424981_2236021179883033_983912920166402556_n-edited-1-768x767.jpg 768w, https:\/\/www.vintagecampers.net\/wp-content\/uploads\/2022\/03\/272424981_2236021179883033_983912920166402556_n-edited-1-12x12.jpg 12w, https:\/\/www.vintagecampers.net\/wp-content\/uploads\/2022\/03\/272424981_2236021179883033_983912920166402556_n-edited-1-892x892.jpg 892w\" sizes=\"(max-width: 1202px) 100vw, 1202px\" \/><\/figure>\n<\/div>\n<\/div>\n<\/div>\n\n\n\n<div class=\"wp-block-column is-layout-flow wp-block-column-is-layout-flow\">\n<div class=\"wp-block-getwid-advanced-heading has-custom-font-size\" style=\"font-size:34px;margin-bottom:30px\"><h2 class=\"wp-block-getwid-advanced-heading__content\" style=\"letter-spacing:2px\"><strong>Porqu\u00ea contratar Vintage Campers?<\/strong><\/h2><\/div>\n\n\n\n<ul class=\"wp-block-list\" style=\"font-size:20px\">\n<li>Seguran\u00e7a &amp; Nossa Pol\u00edtica de Reembolso 100%<\/li>\n\n\n\n<li>Totalmente Equipado &amp; Sem Taxas Ocultas<\/li>\n\n\n\n<li>Sempre Aqui para Ajudar 24\/7<\/li>\n<\/ul>\n<\/div>\n<\/div>\n<\/div><\/div><\/div><\/div><\/div>","protected":false},"excerpt":{"rendered":"","protected":false},"author":1,"featured_media":0,"parent":0,"menu_order":0,"comment_status":"closed","ping_status":"closed","template":"template-canvas-page.php","meta":{"inline_featured_image":false,"_monsterinsights_skip_tracking":false,"_monsterinsights_sitenote_active":false,"_monsterinsights_sitenote_note":"","_monsterinsights_sitenote_category":0,"footnotes":""},"class_list":["post-17","page","type-page","status-publish","hentry"],"_links":{"self":[{"href":"https:\/\/www.vintagecampers.net\/pt\/wp-json\/wp\/v2\/pages\/17","targetHints":{"allow":["GET"]}}],"collection":[{"href":"https:\/\/www.vintagecampers.net\/pt\/wp-json\/wp\/v2\/pages"}],"about":[{"href":"https:\/\/www.vintagecampers.net\/pt\/wp-json\/wp\/v2\/types\/page"}],"author":[{"embeddable":true,"href":"https:\/\/www.vintagecampers.net\/pt\/wp-json\/wp\/v2\/users\/1"}],"replies":[{"embeddable":true,"href":"https:\/\/www.vintagecampers.net\/pt\/wp-json\/wp\/v2\/comments?post=17"}],"version-history":[{"count":0,"href":"https:\/\/www.vintagecampers.net\/pt\/wp-json\/wp\/v2\/pages\/17\/revisions"}],"wp:attachment":[{"href":"https:\/\/www.vintagecampers.net\/pt\/wp-json\/wp\/v2\/media?parent=17"}],"curies":[{"name":"wp","href":"https:\/\/api.w.org\/{rel}","templated":true}]}}