{"id":238,"date":"2019-08-20T11:29:12","date_gmt":"2019-08-20T11:29:12","guid":{"rendered":"https:\/\/themes.getmotopress.com\/booklium-default\/?page_id=238"},"modified":"2022-03-28T11:56:05","modified_gmt":"2022-03-28T11:56:05","slug":"about-us","status":"publish","type":"page","link":"https:\/\/www.vintagecampers.net\/pt\/about-us\/","title":{"rendered":"Sobre n\u00f3s"},"content":{"rendered":"<div class=\"wp-block-columns has-3-columns is-layout-flex wp-container-core-columns-is-layout-9d6595d7 wp-block-columns-is-layout-flex\">\n<div class=\"wp-block-column is-layout-flow wp-block-column-is-layout-flow\">\n<div class=\"wp-block-getwid-advanced-heading\"><h2 class=\"wp-block-getwid-advanced-heading__content\" style=\"letter-spacing:2px\"><strong>Os Vintage Campers<\/strong><\/h2><\/div>\n<\/div>\n\n\n\n<div class=\"wp-block-column is-layout-flow wp-block-column-is-layout-flow\">\n<p>Sobre n\u00f3s\nOs Campistas Vintage\nSomos uma empresa familiar que, antes de decidir criar essa atividade, testou no terreno durante v\u00e1rios anos essas mesmas experi\u00eancias. Tendo vivido e partilhado esses momentos inesquec\u00edveis, decidimos ir em frente e criar os Vintage Campers. Partilhando esses momentos \u00fanicos, usando ve\u00edculos personalizados ao gosto e estilo do cliente, atrav\u00e9s dos seus equipamentos com todos os requisitos essenciais.<\/p>\n<\/div>\n\n\n\n<div class=\"wp-block-column is-layout-flow wp-block-column-is-layout-flow\">\n<p>Aqui tamb\u00e9m entra a componente ambiental, que esse tipo de atividade deseja proteger. Investimos num servi\u00e7o personalizado, de acordo com os desejos e expectativas daqueles que nos procuram. Bem posicionados localmente, sabemos tudo, ou quase tudo o que o cliente procura atrav\u00e9s desse tipo de turismo, por conhecermos muito bem a Madeira.<\/p>\n<\/div>\n<\/div>\n\n\n\n<div style=\"height:40px\" aria-hidden=\"true\" class=\"wp-block-spacer\"><\/div>\n\n\n\n<div class=\"wp-block-columns has-2-columns is-layout-flex wp-container-core-columns-is-layout-9d6595d7 wp-block-columns-is-layout-flex\">\n<div class=\"wp-block-column is-layout-flow wp-block-column-is-layout-flow\">\n<figure class=\"wp-block-image size-large\"><img decoding=\"async\" width=\"1078\" height=\"1080\" src=\"https:\/\/www.vintagecampers.net\/wp-content\/uploads\/2022\/03\/242720750_2139283409556811_5986566172631462982_n-edited.jpg\" alt=\"\" class=\"wp-image-1497\" srcset=\"https:\/\/www.vintagecampers.net\/wp-content\/uploads\/2022\/03\/242720750_2139283409556811_5986566172631462982_n-edited.jpg 1078w, https:\/\/www.vintagecampers.net\/wp-content\/uploads\/2022\/03\/242720750_2139283409556811_5986566172631462982_n-edited-300x300.jpg 300w, https:\/\/www.vintagecampers.net\/wp-content\/uploads\/2022\/03\/242720750_2139283409556811_5986566172631462982_n-edited-1022x1024.jpg 1022w, https:\/\/www.vintagecampers.net\/wp-content\/uploads\/2022\/03\/242720750_2139283409556811_5986566172631462982_n-edited-150x150.jpg 150w, https:\/\/www.vintagecampers.net\/wp-content\/uploads\/2022\/03\/242720750_2139283409556811_5986566172631462982_n-edited-768x769.jpg 768w, https:\/\/www.vintagecampers.net\/wp-content\/uploads\/2022\/03\/242720750_2139283409556811_5986566172631462982_n-edited-892x894.jpg 892w\" sizes=\"(max-width: 1078px) 100vw, 1078px\" \/><\/figure>\n<\/div>\n\n\n\n<div class=\"wp-block-column is-layout-flow wp-block-column-is-layout-flow\">\n<figure class=\"wp-block-gallery has-nested-images columns-2 is-cropped wp-block-gallery-1 is-layout-flex wp-block-gallery-is-layout-flex\">\n<figure class=\"wp-block-image size-large\"><img decoding=\"async\" width=\"1237\" height=\"1236\" data-id=\"1500\" src=\"https:\/\/www.vintagecampers.net\/wp-content\/uploads\/2022\/03\/264833084_2198333876985097_827255555568294114_n-edited.jpg\" alt=\"\" class=\"wp-image-1500\" srcset=\"https:\/\/www.vintagecampers.net\/wp-content\/uploads\/2022\/03\/264833084_2198333876985097_827255555568294114_n-edited.jpg 1237w, https:\/\/www.vintagecampers.net\/wp-content\/uploads\/2022\/03\/264833084_2198333876985097_827255555568294114_n-edited-300x300.jpg 300w, https:\/\/www.vintagecampers.net\/wp-content\/uploads\/2022\/03\/264833084_2198333876985097_827255555568294114_n-edited-1024x1024.jpg 1024w, https:\/\/www.vintagecampers.net\/wp-content\/uploads\/2022\/03\/264833084_2198333876985097_827255555568294114_n-edited-150x150.jpg 150w, https:\/\/www.vintagecampers.net\/wp-content\/uploads\/2022\/03\/264833084_2198333876985097_827255555568294114_n-edited-768x767.jpg 768w, https:\/\/www.vintagecampers.net\/wp-content\/uploads\/2022\/03\/264833084_2198333876985097_827255555568294114_n-edited-892x892.jpg 892w\" sizes=\"(max-width: 1237px) 100vw, 1237px\" \/><\/figure>\n<\/figure>\n<\/div>\n<\/div>\n\n\n\n<div style=\"height:56px\" aria-hidden=\"true\" class=\"wp-block-spacer\"><\/div>","protected":false},"excerpt":{"rendered":"<p>Somos uma empresa familiar que, antes de decidir criar esta actividade, viveu essas mesmas sensa\u00e7\u00f5es durante v\u00e1rios anos. Tendo vivido esta experi\u00eancia inesquec\u00edvel, decidimos avan\u00e7ar e criar a Vintage Campers. Propor momentos \u00fanicos em viaturas personalizadas ao gosto e estilo do cliente, mas tamb\u00e9m equipadas com todos os requisitos essenciais. [...]<\/p>","protected":false},"author":1,"featured_media":0,"parent":0,"menu_order":0,"comment_status":"closed","ping_status":"closed","template":"template-wide-page.php","meta":{"inline_featured_image":false,"_monsterinsights_skip_tracking":false,"_monsterinsights_sitenote_active":false,"_monsterinsights_sitenote_note":"","_monsterinsights_sitenote_category":0,"footnotes":""},"class_list":["post-238","page","type-page","status-publish","hentry"],"_links":{"self":[{"href":"https:\/\/www.vintagecampers.net\/pt\/wp-json\/wp\/v2\/pages\/238","targetHints":{"allow":["GET"]}}],"collection":[{"href":"https:\/\/www.vintagecampers.net\/pt\/wp-json\/wp\/v2\/pages"}],"about":[{"href":"https:\/\/www.vintagecampers.net\/pt\/wp-json\/wp\/v2\/types\/page"}],"author":[{"embeddable":true,"href":"https:\/\/www.vintagecampers.net\/pt\/wp-json\/wp\/v2\/users\/1"}],"replies":[{"embeddable":true,"href":"https:\/\/www.vintagecampers.net\/pt\/wp-json\/wp\/v2\/comments?post=238"}],"version-history":[{"count":0,"href":"https:\/\/www.vintagecampers.net\/pt\/wp-json\/wp\/v2\/pages\/238\/revisions"}],"wp:attachment":[{"href":"https:\/\/www.vintagecampers.net\/pt\/wp-json\/wp\/v2\/media?parent=238"}],"curies":[{"name":"wp","href":"https:\/\/api.w.org\/{rel}","templated":true}]}}